{"id":651,"date":"2025-02-03T12:25:57","date_gmt":"2025-02-03T11:25:57","guid":{"rendered":"https:\/\/modulojeanmonnetclaeu.es\/?page_id=651"},"modified":"2025-02-03T12:25:57","modified_gmt":"2025-02-03T11:25:57","slug":"sede-del-modulo","status":"publish","type":"page","link":"https:\/\/modulojeanmonnetclaeu.es\/?page_id=651","title":{"rendered":"SEDE DEL M\u00d3DULO"},"content":{"rendered":"<p>[et_pb_section fb_built=\u00bb1&#8243; theme_builder_area=\u00bbpost_content\u00bb _builder_version=\u00bb4.27.4&#8243; _module_preset=\u00bbdefault\u00bb][et_pb_row _builder_version=\u00bb4.27.4&#8243; _module_preset=\u00bbdefault\u00bb column_structure=\u00bb1_2,1_2&#8243; theme_builder_area=\u00bbpost_content\u00bb][et_pb_column _builder_version=\u00bb4.27.4&#8243; _module_preset=\u00bbdefault\u00bb type=\u00bb1_2&#8243; theme_builder_area=\u00bbpost_content\u00bb][et_pb_text _builder_version=\u00bb4.27.4&#8243; _module_preset=\u00bbdefault\u00bb theme_builder_area=\u00bbpost_content\u00bb hover_enabled=\u00bb0&#8243; sticky_enabled=\u00bb0&#8243;]<\/p>\n<p>El M\u00f3dulo tiene su sede en el Centro de Investigaci\u00f3n en Estudios de Iberoam\u00e9rica (CEIB), en el despacho 2011-C de la segunda planta del edificio ampliaci\u00f3n del rectorado, campus de M\u00f3stoles de la Universidad Rey Juan Carlos (Calle Tulip\u00e1n s\/n M\u00f3stoles-Madrid:<\/p>\n<p>Este espacio constituye un lugar donde tanto los estudiantes en formaci\u00f3n (grado, posgrado, predoctorales y posdoctorales) como los docentes pueden desarrollar labores vinculadas con la investigaci\u00f3n en temas relacionados con la Uni\u00f3n Europea y Am\u00e9rica Latina y el Caribe, como objeto principal del presente m\u00f3dulo.<\/p>\n<p>Esta sede complementa el car\u00e1cter virtual e h\u00edbrido de las actividades que se desarrollan en el marco del M\u00f3dulo CLAEU con el fin de que se abarque el mayor n\u00famero de destinatarios posibles tanto de los pa\u00edses europeos como de la regi\u00f3n latinoamericana y caribe\u00f1a, lo que se concibe como una de las principales acciones de difusi\u00f3n dise\u00f1adas en este Proyecto.<\/p>\n<p>[\/et_pb_text][\/et_pb_column][et_pb_column _builder_version=\u00bb4.27.4&#8243; _module_preset=\u00bbdefault\u00bb type=\u00bb1_2&#8243; theme_builder_area=\u00bbpost_content\u00bb][et_pb_image src=\u00bbhttps:\/\/modulojeanmonnetclaeu.es\/wp-content\/uploads\/2025\/02\/foto1.png\u00bb _builder_version=\u00bb4.27.4&#8243; _module_preset=\u00bbdefault\u00bb theme_builder_area=\u00bbpost_content\u00bb title_text=\u00bbfoto1&#8243; hover_enabled=\u00bb0&#8243; sticky_enabled=\u00bb0&#8243;][\/et_pb_image][\/et_pb_column][\/et_pb_row][\/et_pb_section]<\/p>\n","protected":false},"excerpt":{"rendered":"<p>El M\u00f3dulo tiene su sede en el Centro de Investigaci\u00f3n en Estudios de Iberoam\u00e9rica (CEIB), en el despacho 2011-C de la segunda planta del edificio ampliaci\u00f3n del rectorado, campus de M\u00f3stoles de la Universidad Rey Juan Carlos (Calle Tulip\u00e1n s\/n M\u00f3stoles-Madrid: Este espacio constituye un lugar donde tanto los estudiantes en formaci\u00f3n (grado, posgrado, predoctorales [&hellip;]<\/p>\n","protected":false},"author":1,"featured_media":0,"parent":0,"menu_order":0,"comment_status":"closed","ping_status":"closed","template":"","meta":{"_et_pb_use_builder":"on","_et_pb_old_content":"","_et_gb_content_width":"","footnotes":""},"class_list":["post-651","page","type-page","status-publish","hentry"],"_links":{"self":[{"href":"https:\/\/modulojeanmonnetclaeu.es\/index.php?rest_route=\/wp\/v2\/pages\/651","targetHints":{"allow":["GET"]}}],"collection":[{"href":"https:\/\/modulojeanmonnetclaeu.es\/index.php?rest_route=\/wp\/v2\/pages"}],"about":[{"href":"https:\/\/modulojeanmonnetclaeu.es\/index.php?rest_route=\/wp\/v2\/types\/page"}],"author":[{"embeddable":true,"href":"https:\/\/modulojeanmonnetclaeu.es\/index.php?rest_route=\/wp\/v2\/users\/1"}],"replies":[{"embeddable":true,"href":"https:\/\/modulojeanmonnetclaeu.es\/index.php?rest_route=%2Fwp%2Fv2%2Fcomments&post=651"}],"version-history":[{"count":2,"href":"https:\/\/modulojeanmonnetclaeu.es\/index.php?rest_route=\/wp\/v2\/pages\/651\/revisions"}],"predecessor-version":[{"id":655,"href":"https:\/\/modulojeanmonnetclaeu.es\/index.php?rest_route=\/wp\/v2\/pages\/651\/revisions\/655"}],"wp:attachment":[{"href":"https:\/\/modulojeanmonnetclaeu.es\/index.php?rest_route=%2Fwp%2Fv2%2Fmedia&parent=651"}],"curies":[{"name":"wp","href":"https:\/\/api.w.org\/{rel}","templated":true}]}}