{"id":631,"date":"2025-02-03T11:44:10","date_gmt":"2025-02-03T10:44:10","guid":{"rendered":"https:\/\/modulojeanmonnetclaeu.es\/?page_id=631"},"modified":"2025-02-03T11:55:08","modified_gmt":"2025-02-03T10:55:08","slug":"publicaciones-en-el-marco-y-relacionadas-con-el-modulo-claeu","status":"publish","type":"page","link":"https:\/\/modulojeanmonnetclaeu.es\/?page_id=631","title":{"rendered":"PUBLICACIONES EN EL MARCO Y RELACIONADAS CON EL M\u00d3DULO CLAEU"},"content":{"rendered":"<p>[et_pb_section fb_built=\u00bb1&#8243; _builder_version=\u00bb4.27.4&#8243; _module_preset=\u00bbdefault\u00bb global_colors_info=\u00bb{}\u00bb][et_pb_row _builder_version=\u00bb4.27.4&#8243; _module_preset=\u00bbdefault\u00bb global_colors_info=\u00bb{}\u00bb][et_pb_column type=\u00bb4_4&#8243; _builder_version=\u00bb4.27.4&#8243; _module_preset=\u00bbdefault\u00bb global_colors_info=\u00bb{}\u00bb][et_pb_image src=\u00bbhttps:\/\/modulojeanmonnetclaeu.es\/wp-content\/uploads\/2025\/02\/publicacion-1.png\u00bb title_text=\u00bbpublicacion 1&#8243; _builder_version=\u00bb4.27.4&#8243; _module_preset=\u00bbdefault\u00bb global_colors_info=\u00bb{}\u00bb][\/et_pb_image][\/et_pb_column][\/et_pb_row][et_pb_row _builder_version=\u00bb4.27.4&#8243; _module_preset=\u00bbdefault\u00bb global_colors_info=\u00bb{}\u00bb][et_pb_column type=\u00bb4_4&#8243; _builder_version=\u00bb4.27.4&#8243; _module_preset=\u00bbdefault\u00bb global_colors_info=\u00bb{}\u00bb][et_pb_text _builder_version=\u00bb4.27.4&#8243; _module_preset=\u00bbdefault\u00bb global_colors_info=\u00bb{}\u00bb]<\/p>\n<ul>\n<li><a href=\"https:\/\/www.digitaliapublishing.com\/a\/158011\/la-union-europea-como-actor-global\">https:\/\/www.digitaliapublishing.com\/a\/158011\/la-union-europea-como-actor-global<\/a><\/li>\n<\/ul>\n<p>&nbsp;<\/p>\n<ul>\n<li><a href=\"https:\/\/buscaenbuja.ujaen.es\/discovery\/fulldisplay?docid=alma991004313965304994&amp;context=L&amp;vid=34CBUA_UJA:VU1&amp;lang=es&amp;search_scope=CATALOGO&amp;adaptor=Local%20Search%20Engine&amp;tab=Jaen&amp;query=sub,exact,Derecho%20internacional,AND&amp;mode=advanced&amp;offset=0\">https:\/\/buscaenbuja.ujaen.es\/discovery\/fulldisplay?docid=alma991004313965304994&amp;context=L&amp;vid=34CBUA_UJA:VU1&amp;lang=es&amp;search_scope=CATALOGO&amp;adaptor=Local%20Search%20Engine&amp;tab=Jaen&amp;query=sub,exact,Derecho%20internacional,AND&amp;mode=advanced&amp;offset=0<\/a><\/li>\n<\/ul>\n<p>[\/et_pb_text][\/et_pb_column][\/et_pb_row][et_pb_row _builder_version=\u00bb4.27.4&#8243; _module_preset=\u00bbdefault\u00bb global_colors_info=\u00bb{}\u00bb][et_pb_column type=\u00bb4_4&#8243; _builder_version=\u00bb4.27.4&#8243; _module_preset=\u00bbdefault\u00bb global_colors_info=\u00bb{}\u00bb][et_pb_divider _builder_version=\u00bb4.27.4&#8243; _module_preset=\u00bbdefault\u00bb global_colors_info=\u00bb{}\u00bb][\/et_pb_divider][\/et_pb_column][\/et_pb_row][et_pb_row _builder_version=\u00bb4.27.4&#8243; _module_preset=\u00bbdefault\u00bb global_colors_info=\u00bb{}\u00bb][et_pb_column type=\u00bb4_4&#8243; _builder_version=\u00bb4.27.4&#8243; _module_preset=\u00bbdefault\u00bb global_colors_info=\u00bb{}\u00bb][et_pb_image src=\u00bbhttps:\/\/modulojeanmonnetclaeu.es\/wp-content\/uploads\/2025\/02\/publicacion-2.png\u00bb title_text=\u00bbpublicacion 2&#8243; _builder_version=\u00bb4.27.4&#8243; _module_preset=\u00bbdefault\u00bb global_colors_info=\u00bb{}\u00bb][\/et_pb_image][\/et_pb_column][\/et_pb_row][et_pb_row _builder_version=\u00bb4.27.4&#8243; _module_preset=\u00bbdefault\u00bb global_colors_info=\u00bb{}\u00bb][et_pb_column type=\u00bb4_4&#8243; _builder_version=\u00bb4.27.4&#8243; _module_preset=\u00bbdefault\u00bb global_colors_info=\u00bb{}\u00bb][et_pb_text _builder_version=\u00bb4.27.4&#8243; _module_preset=\u00bbdefault\u00bb hover_enabled=\u00bb0&#8243; global_colors_info=\u00bb{}\u00bb sticky_enabled=\u00bb0&#8243;]<\/p>\n<p><a href=\"https:\/\/e-archivo.uc3m.es\/entities\/publication\/17f1d998-0ca7-44a4-9723-0bac3e1a9fae\" target=\"_blank\" rel=\"noopener\">https:\/\/e-archivo.uc3m.es\/entities\/publication\/17f1d998-0ca7-44a4-9723-0bac3e1a9fae<\/a><\/p>\n<p>[\/et_pb_text][\/et_pb_column][\/et_pb_row][et_pb_row _builder_version=\u00bb4.27.4&#8243; _module_preset=\u00bbdefault\u00bb global_colors_info=\u00bb{}\u00bb][et_pb_column type=\u00bb4_4&#8243; _builder_version=\u00bb4.27.4&#8243; _module_preset=\u00bbdefault\u00bb global_colors_info=\u00bb{}\u00bb][et_pb_divider _builder_version=\u00bb4.27.4&#8243; _module_preset=\u00bbdefault\u00bb global_colors_info=\u00bb{}\u00bb][\/et_pb_divider][\/et_pb_column][\/et_pb_row][et_pb_row column_structure=\u00bb1_2,1_2&#8243; _builder_version=\u00bb4.27.4&#8243; _module_preset=\u00bbdefault\u00bb global_colors_info=\u00bb{}\u00bb][et_pb_column type=\u00bb1_2&#8243; _builder_version=\u00bb4.27.4&#8243; _module_preset=\u00bbdefault\u00bb global_colors_info=\u00bb{}\u00bb][et_pb_image src=\u00bbhttps:\/\/modulojeanmonnetclaeu.es\/wp-content\/uploads\/2025\/02\/publicacion-3.png\u00bb title_text=\u00bbpublicacion 3&#8243; _builder_version=\u00bb4.27.4&#8243; _module_preset=\u00bbdefault\u00bb width=\u00bb100%\u00bb global_colors_info=\u00bb{}\u00bb][\/et_pb_image][\/et_pb_column][et_pb_column type=\u00bb1_2&#8243; _builder_version=\u00bb4.27.4&#8243; _module_preset=\u00bbdefault\u00bb global_colors_info=\u00bb{}\u00bb][et_pb_text _builder_version=\u00bb4.27.4&#8243; _module_preset=\u00bbdefault\u00bb global_colors_info=\u00bb{}\u00bb]<\/p>\n<p>V\u00e9ase art\u00edculo titulado: Elena C. D\u00edaz Gal\u00e1n, Harold Bertot Triana, y Claudia Gago Mart\u00edn \u201cRecorrido virtual hist\u00f3rico por la idea de Europa: la experiencia de aprendizaje en el aula de los alumnos de grado de grado de la URJC\u201d, en Educa\u00e7ao, Texto e Discurso, interfaces na froma\u00e7ao de professores, Editorial Pontes, Brasil, 2024.<\/p>\n<p>[\/et_pb_text][\/et_pb_column][\/et_pb_row][\/et_pb_section]<\/p>\n","protected":false},"excerpt":{"rendered":"<p>https:\/\/www.digitaliapublishing.com\/a\/158011\/la-union-europea-como-actor-global &nbsp; https:\/\/buscaenbuja.ujaen.es\/discovery\/fulldisplay?docid=alma991004313965304994&amp;context=L&amp;vid=34CBUA_UJA:VU1&amp;lang=es&amp;search_scope=CATALOGO&amp;adaptor=Local%20Search%20Engine&amp;tab=Jaen&amp;query=sub,exact,Derecho%20internacional,AND&amp;mode=advanced&amp;offset=0 https:\/\/e-archivo.uc3m.es\/entities\/publication\/17f1d998-0ca7-44a4-9723-0bac3e1a9faeV\u00e9ase art\u00edculo titulado: Elena C. D\u00edaz Gal\u00e1n, Harold Bertot Triana, y Claudia Gago Mart\u00edn \u201cRecorrido virtual hist\u00f3rico por la idea de Europa: la experiencia de aprendizaje en el aula de los alumnos de grado de grado de la URJC\u201d, en Educa\u00e7ao, Texto e Discurso, interfaces na froma\u00e7ao de professores, Editorial Pontes, Brasil, [&hellip;]<\/p>\n","protected":false},"author":1,"featured_media":0,"parent":0,"menu_order":0,"comment_status":"closed","ping_status":"closed","template":"","meta":{"_et_pb_use_builder":"on","_et_pb_old_content":"","_et_gb_content_width":"","footnotes":""},"class_list":["post-631","page","type-page","status-publish","hentry"],"_links":{"self":[{"href":"https:\/\/modulojeanmonnetclaeu.es\/index.php?rest_route=\/wp\/v2\/pages\/631","targetHints":{"allow":["GET"]}}],"collection":[{"href":"https:\/\/modulojeanmonnetclaeu.es\/index.php?rest_route=\/wp\/v2\/pages"}],"about":[{"href":"https:\/\/modulojeanmonnetclaeu.es\/index.php?rest_route=\/wp\/v2\/types\/page"}],"author":[{"embeddable":true,"href":"https:\/\/modulojeanmonnetclaeu.es\/index.php?rest_route=\/wp\/v2\/users\/1"}],"replies":[{"embeddable":true,"href":"https:\/\/modulojeanmonnetclaeu.es\/index.php?rest_route=%2Fwp%2Fv2%2Fcomments&post=631"}],"version-history":[{"count":4,"href":"https:\/\/modulojeanmonnetclaeu.es\/index.php?rest_route=\/wp\/v2\/pages\/631\/revisions"}],"predecessor-version":[{"id":643,"href":"https:\/\/modulojeanmonnetclaeu.es\/index.php?rest_route=\/wp\/v2\/pages\/631\/revisions\/643"}],"wp:attachment":[{"href":"https:\/\/modulojeanmonnetclaeu.es\/index.php?rest_route=%2Fwp%2Fv2%2Fmedia&parent=631"}],"curies":[{"name":"wp","href":"https:\/\/api.w.org\/{rel}","templated":true}]}}