{"id":624,"date":"2025-02-03T11:28:40","date_gmt":"2025-02-03T10:28:40","guid":{"rendered":"https:\/\/modulojeanmonnetclaeu.es\/?page_id=624"},"modified":"2025-09-29T14:02:47","modified_gmt":"2025-09-29T12:02:47","slug":"comentarios-a-las-actividades-claeu","status":"publish","type":"page","link":"https:\/\/modulojeanmonnetclaeu.es\/?page_id=624","title":{"rendered":"Comentarios a las actividades CLAEU"},"content":{"rendered":"<p>[et_pb_section fb_built=\u00bb1&#8243; _builder_version=\u00bb4.27.4&#8243; _module_preset=\u00bbdefault\u00bb global_colors_info=\u00bb{}\u00bb][et_pb_row _builder_version=\u00bb4.27.4&#8243; _module_preset=\u00bbdefault\u00bb hover_enabled=\u00bb0&#8243; global_colors_info=\u00bb{}\u00bb sticky_enabled=\u00bb0&#8243;][et_pb_column type=\u00bb4_4&#8243; _builder_version=\u00bb4.27.4&#8243; _module_preset=\u00bbdefault\u00bb global_colors_info=\u00bb{}\u00bb][et_pb_text _builder_version=\u00bb4.27.4&#8243; _module_preset=\u00bbdefault\u00bb hover_enabled=\u00bb0&#8243; global_colors_info=\u00bb{}\u00bb sticky_enabled=\u00bb0&#8243; text_font=\u00bb||||||||\u00bb]<\/p>\n<p><strong>ALGUNOS COMENTARIOS POR PARTE DE LOS ASISTENTES (ALUMNOS Y PROFESORES) SOBRE LAS ACTIVIDADES ORGANIZADAS POR EL M\u00d3DULO (SEGUNDA EDICI\u00d3N): \u00a0<\/strong><\/p>\n<p><strong>\u00a0<\/strong><\/p>\n<ol>\n<li><strong><u>A) SOBRE EL II SEMINARIO ANUAL:<\/u><\/strong><\/li>\n<\/ol>\n<p><strong>COMENTARIO 1: <\/strong><\/p>\n<p>1) \u201cSe lo agradezco mucho, me gustar\u00eda que para otro seminario que tengan m\u00e1s adelante, me avisen, yo soy de Rep\u00fablica Dominicana\u201d<\/p>\n<p><em>Estudiante de Rep\u00fablica Dominicana <\/em><\/p>\n<p><strong>COMENTARIO 2: <\/strong><\/p>\n<p>2) \u201cBuenas tardes, cordial saludo agradecer el espacio de participaci\u00f3n y debate propuesto durante estos dos d\u00edas de seminario los cuales fueron demasiado interesantes y de provecho para m\u00ed y de seguro para todos los compa\u00f1eros que participaron. (\u2026) recalc\u00f3 el agradecimiento y lo interesante de cada una de las ponencias y los debates planteados (\u2026)\u201d<\/p>\n<p>Gracias<\/p>\n<p><em>Estudiante de Colombia <\/em><\/p>\n<p><strong>COMENTARIO 3: <\/strong><\/p>\n<p>\u201cMuchas gracias por la invitaci\u00f3n al congreso de hoy y ayer, igual que el a\u00f1o pasado ha sido muy interesante y productivo\u201d<\/p>\n<p><em>Estudiante de Relaciones Internacionales, UNIE, Madrid, Espa\u00f1a<\/em><\/p>\n<p>&nbsp;<\/p>\n<ol>\n<li><strong><u>B) SOBRE EL II CURSO DE FORMACI\u00d3N JEAN MONNET: <\/u><\/strong><\/li>\n<\/ol>\n<p><strong>\u00a0<\/strong><\/p>\n<p><strong>COMENTARIO 1: <\/strong><\/p>\n<p>\u201c (\u2026) En primer lugar, quiero felicitarla por el II Curso de formaci\u00f3n y capacitaci\u00f3n sobre las relaciones entre la UE, Am\u00e9rica Latina y el Caribe, que est\u00e1 siendo muy interesante y enriquecedor. (\u2026) Le felicito nuevamente por el \u00e9xito de este curso y le deseo lo mejor para el futuro\u201d.<\/p>\n<p><em>Estudiante del M\u00e1ster Universitario en Derecho de la Uni\u00f3n Europea en la Universidad Carlos III de Madrid, Espa\u00f1a. <\/em><\/p>\n<p><strong>COMENTARIO 2: <\/strong><\/p>\n<p>\u201cEstimada profesora Elena D\u00edaz,<\/p>\n<p>Espero que est\u00e9 bien.<\/p>\n<p>Le agradezco mucho por la organizaci\u00f3n del curso sobre las relaciones UE-Am\u00e9rica Latina y el Caribe. \u00a1Fue una experiencia muy enriquecedora! (\u2026)<\/p>\n<p>Gracias nuevamente por su dedicaci\u00f3n. Espero participar en futuras actividades\u201d<\/p>\n<p><em>Estudiante del Grado en Relaciones Internacionales de la URJC de Madrid, Espa\u00f1a. <\/em><\/p>\n<p><strong>COMENTARIO 3: <\/strong><\/p>\n<p>3) \u201c(\u2026) Anticipo mis agradecimientos por el esfuerzo y la calidad demostrada en este curso\u201d.\u00a0<\/p>\n<p><em>Docente, Universidad Cat\u00f3lica de Santa Fe, Argentina<\/em><\/p>\n<p><strong>COMENTARIO 4: <\/strong><\/p>\n<p>\u201cEstimada Elena Carolina D\u00edaz Gal\u00e1n, (\u2026) Quisiera expresarle mi sincero agradecimiento por el curso sobre las relaciones entre la Uni\u00f3n Europea y Am\u00e9rica Latina y el Caribe. Ha sido una experiencia sumamente enriquecedora que me permiti\u00f3 profundizar en la din\u00e1mica de esta relaci\u00f3n y comprender mejor sus desaf\u00edos y oportunidades. (\u2026)<\/p>\n<p>Les agradezco nuevamente por la dedicaci\u00f3n y por compartir los conocimientos de todo el equipo con nosotros. Espero poder participar en futuras instancias de formaci\u00f3n similares\u201d.<\/p>\n<p><em>Estudiante de Relaciones Internacionales en la Universidad Cat\u00f3lica de Santa Fe, Argentina.<\/em><\/p>\n<p><strong>COMENTARIO 5: <\/strong><\/p>\n<p>\u201cBuenas tardes estimada maestra, le escribo primero para agradecer la oportunidad de recibir una capacitaci\u00f3n tan magistral como la que ustedes nos han ofrecido (\u2026)\u201d<\/p>\n<p><em>Estudiante Maestr\u00eda en Relaciones Internacionales, Pontificia Universidad Cat\u00f3lica Madre y Maestra (PUCMM), Rep\u00fablica Dominicana <\/em><\/p>\n<p><strong>COMENTARIO 6: <\/strong><\/p>\n<p>\u201c(\u2026) Desde ya no me alcanza las palabras para agradecerte tu dedicaci\u00f3n y esfuerzo para administrar este curso ya que los conocimientos me servir\u00edan no solo para mi carrera profesional sino tambi\u00e9n para la vida\u201d.<\/p>\n<p><em>Estudiante de Grado de la Universidad Cat\u00f3lica de Santa Fe, Argentina<\/em><\/p>\n<p><strong>COMENTARIO 7: <\/strong><\/p>\n<p>\u201c(\u2026) Gracias por la direcci\u00f3n del curso y por el buen contenido suministrado, agradecer\u00e9 se me siga comunicando sobre futuros cursos y programas\u201d<\/p>\n<p><em>Estudiante del M\u00e1ster Universitario en Ciencia Pol\u00edtica y Gesti\u00f3n P\u00fablica, URJC-IUNIT<\/em><\/p>\n<p><strong>COMENTARIO 8: <\/strong><\/p>\n<p>\u201c(\u2026) Agradezco infinitamente todo el conocimiento impartido, espero ansiosa nuevos cursos similares\u201d.<\/p>\n<p><em>Estudiante de Bachiller de la Universidad Nacional Mayor de San Marcos, Lima, Per\u00fa<\/em><\/p>\n<p><strong>COMENTARIO 9: <\/strong><\/p>\n<p>9) \u201c(\u2026) Muchas gracias por su excelente trabajo y dedicaci\u00f3n durante las \u00faltimas semanas\u201d<\/p>\n<p><em>Estudiante de Doctorado de la Universidad Rey Juan Carlos, Madrid, Espa\u00f1a<\/em><\/p>\n<p><strong>COMENTARIO 10:<\/strong><\/p>\n<p>\u201c(\u2026) Sin duda estoy muy contenta de haber participado en el curso. Agradezco todo el apoyo\u201d<\/p>\n<p><em>Profesora de la Universidad Ju\u00e1rez Aut\u00f3noma de Tabasco, M\u00e9xico<\/em>.<\/p>\n<p><strong>COMENTARIO 11:<\/strong><\/p>\n<p>\u201c (\u2026) La verdad estuvo muy interesante todo lo que cada docente expuso\u2026\u201d<\/p>\n<p><em>Directora de la Red Interdisciplinaria Justicia Global e Integraci\u00f3n Americana \u2013 UCM<\/em><\/p>\n<p><strong>COMENTARIO 12:<\/strong><\/p>\n<p>\u201c(\u2026) Antes que nada, agradecerle por estas 15 clases compartidas, el tiempo de los profesores y los conocimientos transmitidos (\u2026)\u201d \u201cMuchas gracias por las sesiones, la dedicaci\u00f3n y las clases. Espero poder ser participe de m\u00e1s iniciativas como estas\u201d<\/p>\n<p><em>Estudiante del Grado en Relaciones Internacionales en la Universidad San Ignacio de Loyola, Per\u00fa<\/em><\/p>\n<p><strong>COMENTARIO 13:<\/strong><\/p>\n<p>\u201cPrimeramente, agradecerle por la excelente calidad del curso y la variedad de especialistas participantes. Indudablemente, el debate ha permitido tener una visi\u00f3n m\u00e1s completa de c\u00f3mo se perciben las relaciones entre Am\u00e9rica Latina y la Uni\u00f3n Europea, en su m\u00e1s amplio espectro. (\u2026) Feliz de haber participado\u201d<\/p>\n<p><em>Miembro del Ministerio de Relaciones Exteriores de Cuba <\/em><\/p>\n<p><strong>COMENTARIO 14:<\/strong><\/p>\n<p>\u201c(\u2026) Agradezco la oportunidad de haber participado en el curso, el cual ha tenido informaci\u00f3n muy importante y que ha sido compartida por excelentes docentes de una manera muy profesional\u201d.<\/p>\n<p><em>Miembro del Ministerio de Relaciones Exteriores del Per\u00fa<\/em><\/p>\n<p><strong>COMENTARIO 15:<\/strong><\/p>\n<p>\u201cGracias por su impresionante liderazgo para que pudi\u00e9ramos participar en el curso\u201d<\/p>\n<p>Maestrando de Relaciones Internacionales, Pontificia Universidad Cat\u00f3lica Madre y Maestra (PUCMM), Rep\u00fablica Dominicana<\/p>\n<p><strong>COMENTARIO 16:<\/strong><\/p>\n<p>\u201cmuchas gracias (\u2026) por su atenci\u00f3n y la gesti\u00f3n en todo lo referente al curso, ha sido un placer para m\u00ed asistir a este, hoy mismo respondo los formularios. Atentamente\u201d<\/p>\n<p><em>Doctoranda del Programa de Ciencias Sociales y Jur\u00eddicas, Universidad Rey Juan Carlos, Madrid <\/em><\/p>\n<p><strong>COMENTARIO 17:<\/strong><\/p>\n<p>\u201cII CURSO DE FORMACI\u00d3N Y CAPACITACI\u00d3N \u00abLa Acci\u00f3n Exterior de la Uni\u00f3n Europea: Di\u00e1logo y cooperaci\u00f3n con Am\u00e9rica Latina y el Caribe\u00bb, magistralmente planificado, organizado e impartido por usted y su equipo\u201d<\/p>\n<p><em>Doctorando de la Universidad Rey Juan Carlos de Madrid<\/em><\/p>\n<p><strong>COMENTARIO 18:<\/strong><\/p>\n<p>\u201cEn primer lugar, aprovecho para agradecer la dedicaci\u00f3n y organizaci\u00f3n del curso. Ha sido muy \u00fatil y de mucho provecho. Le animo a mantener la misma l\u00ednea de trabajo y repetir en a\u00f1os posteriores.\u201d<\/p>\n<p><em>Doctorando Universidad Rey Juan Carlos <\/em><\/p>\n<p><strong>COMENTARIO 19:<\/strong><\/p>\n<p>\u201cAgradezco en todo lo que va el apoyo, las clases y los excelentes Profesores que nos compartieron sus conocimientos\u201d<\/p>\n<p><em>Profesora de la Universidad Ju\u00e1rez Aut\u00f3noma de Tabasco, M\u00e9xico<\/em><\/p>\n<p><strong>COMENTARIO 20:<\/strong><\/p>\n<p>\u201cEn primer lugar, quiero felicitarla por el interesante curso de formaci\u00f3n que estamos llevando a cabo esta semana. Asimismo, agradezco a todos los profesores que han participado en esta formaci\u00f3n, ya que nos est\u00e1 ayudando a aclarar muchas ideas importantes sobre los temas tratados\u201d.<\/p>\n<p><em>Estudiante de Doctorado de la Universidad Rey Juan Carlos de Madrid <\/em><\/p>\n<p><strong>COMENTARIO 21:<\/strong><\/p>\n<p>\u201cMuy agradecido de la oportunidad de fortalecer y complementar conocimientos sobre nuestros pa\u00edses, sus historias conjuntas y posibilidades \u00a0futuras\u201d<\/p>\n<p><em>Estudiante de posgrado de la Pontificia Universidad Cat\u00f3lica Madre y Maestra, Santo Domingo, Rep\u00fablica Dominicana <\/em><\/p>\n<p><strong>COMENTARIO 22:<\/strong><\/p>\n<p>\u201cEspero pronto haya nuevos cursos para seguir ampliando mis conocimientos\u201d<\/p>\n<p><em>Estudiante posgrado Universidad Antonio de Nebrija, Madrid, Espa\u00f1a <\/em><\/p>\n<p><strong>COMENTARIO 23:<\/strong><\/p>\n<p>\u201cAprovecho esta oportunidad para agradecerle por la organizaci\u00f3n de este curso, el cual ha sido una experiencia enriquecedora. Ha sido un privilegio aprender de destacados ponentes y compartir este espacio con otros participantes. Espero se sigan organizando m\u00e1s iniciativas como esta, que permitan la participaci\u00f3n de personas de distintos pa\u00edses, ya sea de manera virtual o en un formato h\u00edbrido, para continuar enriqueciendo el intercambio de ideas y conocimientos\u201d.<\/p>\n<p><em>Estudiante de Grado de la Pontificia Universidad Cat\u00f3lica del Per\u00fa<\/em><\/p>\n<p><strong>COMENTARIO 24:<\/strong><\/p>\n<p>\u201cMuchas gracias por esas 2 semanas, fueron excelentes, espero poder escuchar en el futuro sobre otros cursos que ustedes organicen\u201d.<\/p>\n<p><em>Abogada de Per\u00fa <\/em><\/p>\n<p><strong>COMENTARIO 25:<\/strong><\/p>\n<p>\u201cII Curso de formaci\u00f3n y capacitaci\u00f3n sobre las relaciones entre la UE-Am\u00e9rica Latina y el Caribe, M\u00f3dulo Jean Monnet, impulsado por la Comisi\u00f3n Europea, As\u00ed mismo agradecer por el espacio, y los conocimientos adquiridos durante las clases\u201d<\/p>\n<p><em>Estudiante de Pregrado, Tecnol\u00f3gico de Antioquia, Medell\u00edn, Colombia<\/em><\/p>\n<p>&nbsp;<\/p>\n<p>&nbsp;<\/p>\n<p>&nbsp;<\/p>\n<p>&nbsp;<\/p>\n<p>[\/et_pb_text][\/et_pb_column][\/et_pb_row][et_pb_row _builder_version=\u00bb4.27.4&#8243; _module_preset=\u00bbdefault\u00bb hover_enabled=\u00bb0&#8243; global_colors_info=\u00bb{}\u00bb sticky_enabled=\u00bb0&#8243;][et_pb_column type=\u00bb4_4&#8243; _builder_version=\u00bb4.27.4&#8243; _module_preset=\u00bbdefault\u00bb global_colors_info=\u00bb{}\u00bb][et_pb_text _builder_version=\u00bb4.27.4&#8243; _module_preset=\u00bbdefault\u00bb hover_enabled=\u00bb0&#8243; global_colors_info=\u00bb{}\u00bb sticky_enabled=\u00bb0&#8243;]<\/p>\n<p><strong>ALGUNOS COMENTARIOS POR PARTE DE LOS ASISTENTES (ALUMNOS Y PROFESORES) SOBRE LAS ACTIVIDADES ORGANIZADAS POR EL M\u00d3DULO (PRIMERA EDICI\u00d3N): \u00a0<\/strong><\/p>\n<p><strong>\u00a0<\/strong><\/p>\n<ol>\n<li><strong><u>A) SOBRE SEMINARIO ANUAL: <\/u><\/strong><\/li>\n<\/ol>\n<p><strong>COMENTARIO 1: <\/strong><\/p>\n<p>\u201cHa sido un acierto. Encantado de haber asistido\u201d. Profesor de la Universidad Rey Juan Carlos de Madrid<\/p>\n<p><strong>COMENTARIO 2: <\/strong><\/p>\n<p>\u201cMuchas gracias por la oportunidad de asistir a la conferencia, me ha resultado muy interesante y \u00fatil, espero que nos tenga en cuenta para futuras actividades similares\u201d. Estudiante del grado en Relaciones Internacionales de la Universidad Internacional de la Empresa (UNIE) Madrid<\/p>\n<p><strong>COMENTARIO 3: <\/strong><\/p>\n<p>\u201c (\u2026) quer\u00eda darte las gracias por haberlo organizado, la verdad que lo he disfrutado y he aprendido mucho. Espero que sig\u00e1is haciendo cosas as\u00ed, me apuntar\u00e9 a todas las que pueda\u201d. Alumno de Doctorado de la Universidad Rey Juan Carlos de Madrid<\/p>\n<p><strong>COMENTARIO 4: <\/strong><\/p>\n<p>\u201ces muy interesante\u201d<\/p>\n<p>Alumno de Doctorado de la Universidad Rey Juan Carlos de Madrid<\/p>\n<p><strong>\u00a0<\/strong><\/p>\n<ol>\n<li><strong><u>B) SOBRE CURSO DE FORMACI\u00d3N Y CAPACITACI\u00d3N: <\/u><\/strong><\/li>\n<\/ol>\n<p><strong>\u00a0<\/strong><\/p>\n<p><strong>COMENTARIO 1: <\/strong><\/p>\n<p>\u201cMe dirijo a usted para expresar mi sincero agradecimiento por el invaluable programa de formaci\u00f3n sobre la acci\u00f3n exterior de la Uni\u00f3n Europea y Am\u00e9rica latina y el caribe.\u00a0<\/p>\n<p>&nbsp;<\/p>\n<p>Quer\u00eda tomar un momento para extender mi m\u00e1s profundo agradecimiento a usted y a todo el equipo de profesores por su dedicaci\u00f3n, experiencia y arduo trabajo en hacer de este programa de formaci\u00f3n un rotundo \u00e9xito. La profundidad de conocimiento, las discusiones interesantes y las ideas pr\u00e1cticas proporcionadas a lo largo del programa fueron verdaderamente notables.<\/p>\n<p>Su compromiso con la excelencia y la pasi\u00f3n por la educaci\u00f3n fueron evidentes en cada sesi\u00f3n, y me siento incre\u00edblemente afortunada de haber tenido la oportunidad de aprender de profesionales tan distinguidos.<\/p>\n<p>&nbsp;<\/p>\n<p>Tambi\u00e9n quiero elogiar a la universidad por su apoyo inquebrantable y compromiso de proporcionar educaci\u00f3n de calidad y oportunidades de formaci\u00f3n. Los recursos y las instalaciones puestos a nuestra disposici\u00f3n mejoraron enormemente la experiencia de aprendizaje y crearon un entorno propicio para el crecimiento y desarrollo.<\/p>\n<p>&nbsp;<\/p>\n<p>Una vez m\u00e1s, gracias por su excelente trabajo y dedicaci\u00f3n para fomentar el aprendizaje y la excelencia acad\u00e9mica. Estoy profundamente agradecida por el conocimiento y las habilidades adquiridas a trav\u00e9s de este programa de formaci\u00f3n, y espero aplicarlas en mis futuros emprendimientos\u201d.<\/p>\n<p>Estudiante de Grado de la Facult\u00e9 des Sciences Juridiques \u00e9conomiques et sociales -Tanger, Marruecos.<\/p>\n<p><strong>COMENTARIO 2: <\/strong><\/p>\n<p>\u201cMuchas gracias a ti y al equipo por haber hecho posible este curso tan enriquecedor. He disfrutado mucho de las clases, las ponencias y los debates.<\/p>\n<p>He aprendido much\u00edsimo sobre la acci\u00f3n exterior de la Uni\u00f3n Europea e Hispanoam\u00e9rica.<\/p>\n<p>Me gustar\u00eda aprovechar esta oportunidad para agradecerte personalmente por tu dedicaci\u00f3n y entusiasmo durante el curso. Tu pasi\u00f3n por el tema me ha inspirado a seguir aprendiendo sobre la acci\u00f3n exterior de la Uni\u00f3n Europea\u201d<\/p>\n<p>Estudiante de M\u00e1ster de acceso a la Abogac\u00eda y procura, Universidad Rey Juan Carlos de Madrid.<\/p>\n<p><strong>COMENTARIO 3: <\/strong><\/p>\n<p>\u201cAgradecerte de nuevo el trabajo que hab\u00e9is puesto y la oportunidad dada para asistir al curso\u201d<\/p>\n<p>Estudiante de grado en Relaciones Internacionales de la Universidad Internacional de la Empresa (UNIE) de Madrid<\/p>\n<p><strong>COMENTARIO 4: <\/strong><\/p>\n<p>\u201cHa sido un placer\u201d<\/p>\n<p>Estudiante de doctorado en Derecho Internacional P\u00fablico, Universidad Abdelmalik Essaadi, Marruecos.<\/p>\n<p><strong>COMENTARIO 5: <\/strong><\/p>\n<p>\u201c(\u2026) me gustar\u00eda agradecerte el haber iniciado un proyecto tan ambicioso como este junto con otros docentes, me parece tremendamente interesante y un instrumento complementario y \u00fatil a la formaci\u00f3n de muchos grados. Adem\u00e1s, siento que da un paso m\u00e1s all\u00e1 a la parte acad\u00e9mica y conecta con un mundo m\u00e1s pr\u00e1ctico\u201d<\/p>\n<p>Estudiante del doble grado en relaciones internacionales y econom\u00eda de la Universidad Rey Juan Carlos de Madrid<\/p>\n<p><strong>COMENTARIO 6: <\/strong><\/p>\n<p>\u201c (\u2026) despu\u00e9s de haber realizado el curso de formaci\u00f3n que ha tenido lugar desde el 4 hasta el 19 de marzo. Los contenidos han sido muy interesantes, y la organizaci\u00f3n excelente. Te felicito por ello\u201d.<\/p>\n<p>Estudiante del doble grado en Derecho y Administraci\u00f3n y direcci\u00f3n de empresas de la Universidad Rey Juan Carlos de Madrid<\/p>\n<p><strong>COMENTARIO 7: <\/strong><\/p>\n<p>\u201cGracias de antemano por estas jornadas\u201d<\/p>\n<p>Estudiante de grado en Relaciones internacionales, Universidad Rey Juan Carlos de Madrid<\/p>\n<p><strong>COMENTARIO 8: <\/strong><\/p>\n<p>\u201cHa sido un placer poder atender al curso (\u2026) Te agradezco nuevamente por toda tu atenci\u00f3n en estas \u00faltimas dos semanas\u201d.<\/p>\n<p>Estudiante de M\u00e1ster de Estrategias y Tecnolog\u00edas para el Desarrollo, Universidad Complutense de Madrid<\/p>\n<p><strong>COMENTARIO 9: <\/strong><\/p>\n<p>\u201cMuchas gracias por todo y enhorabuena por el desarrollo de este proyecto\u201d Profesor titular de Derecho Internacional P\u00fablico, Universidad de Extremadura<\/p>\n<p><strong>COMENTARIO 10: <\/strong><\/p>\n<p>\u201cEnhorabuena por la excelente organizaci\u00f3n del curso en todos los aspectos\u201d Catedr\u00e1tica de Relaciones Internacionales, Universidad Rey Juan Carlos de Madrid<\/p>\n<p>&nbsp;<\/p>\n<p>&nbsp;<\/p>\n<p>&nbsp;<\/p>\n<p>[\/et_pb_text][\/et_pb_column][\/et_pb_row][\/et_pb_section]<\/p>\n","protected":false},"excerpt":{"rendered":"<p>ALGUNOS COMENTARIOS POR PARTE DE LOS ASISTENTES (ALUMNOS Y PROFESORES) SOBRE LAS ACTIVIDADES ORGANIZADAS POR EL M\u00d3DULO (SEGUNDA EDICI\u00d3N): \u00a0 \u00a0 A) SOBRE EL II SEMINARIO ANUAL: COMENTARIO 1: 1) \u201cSe lo agradezco mucho, me gustar\u00eda que para otro seminario que tengan m\u00e1s adelante, me avisen, yo soy de Rep\u00fablica Dominicana\u201d Estudiante de Rep\u00fablica Dominicana [&hellip;]<\/p>\n","protected":false},"author":1,"featured_media":0,"parent":0,"menu_order":0,"comment_status":"closed","ping_status":"closed","template":"","meta":{"_et_pb_use_builder":"on","_et_pb_old_content":"","_et_gb_content_width":"","footnotes":""},"class_list":["post-624","page","type-page","status-publish","hentry"],"_links":{"self":[{"href":"https:\/\/modulojeanmonnetclaeu.es\/index.php?rest_route=\/wp\/v2\/pages\/624","targetHints":{"allow":["GET"]}}],"collection":[{"href":"https:\/\/modulojeanmonnetclaeu.es\/index.php?rest_route=\/wp\/v2\/pages"}],"about":[{"href":"https:\/\/modulojeanmonnetclaeu.es\/index.php?rest_route=\/wp\/v2\/types\/page"}],"author":[{"embeddable":true,"href":"https:\/\/modulojeanmonnetclaeu.es\/index.php?rest_route=\/wp\/v2\/users\/1"}],"replies":[{"embeddable":true,"href":"https:\/\/modulojeanmonnetclaeu.es\/index.php?rest_route=%2Fwp%2Fv2%2Fcomments&post=624"}],"version-history":[{"count":3,"href":"https:\/\/modulojeanmonnetclaeu.es\/index.php?rest_route=\/wp\/v2\/pages\/624\/revisions"}],"predecessor-version":[{"id":975,"href":"https:\/\/modulojeanmonnetclaeu.es\/index.php?rest_route=\/wp\/v2\/pages\/624\/revisions\/975"}],"wp:attachment":[{"href":"https:\/\/modulojeanmonnetclaeu.es\/index.php?rest_route=%2Fwp%2Fv2%2Fmedia&parent=624"}],"curies":[{"name":"wp","href":"https:\/\/api.w.org\/{rel}","templated":true}]}}