{"id":582,"date":"2025-02-03T10:19:52","date_gmt":"2025-02-03T09:19:52","guid":{"rendered":"https:\/\/modulojeanmonnetclaeu.es\/?page_id=582"},"modified":"2025-09-29T13:19:47","modified_gmt":"2025-09-29T11:19:47","slug":"otras-actividades","status":"publish","type":"page","link":"https:\/\/modulojeanmonnetclaeu.es\/?page_id=582","title":{"rendered":"OTRAS ACTIVIDADES"},"content":{"rendered":"<p>[et_pb_section fb_built=\u00bb1&#8243; _builder_version=\u00bb4.27.4&#8243; _module_preset=\u00bbdefault\u00bb global_colors_info=\u00bb{}\u00bb][et_pb_row _builder_version=\u00bb4.27.4&#8243; _module_preset=\u00bbdefault\u00bb hover_enabled=\u00bb0&#8243; global_colors_info=\u00bb{}\u00bb sticky_enabled=\u00bb0&#8243;][et_pb_column type=\u00bb4_4&#8243; _builder_version=\u00bb4.27.4&#8243; _module_preset=\u00bbdefault\u00bb global_colors_info=\u00bb{}\u00bb][et_pb_text _builder_version=\u00bb4.27.4&#8243; _module_preset=\u00bbdefault\u00bb hover_enabled=\u00bb0&#8243; global_colors_info=\u00bb{}\u00bb sticky_enabled=\u00bb0&#8243;]<\/p>\n<h1 style=\"text-align: center;\"><span style=\"color: #333399;\"><strong>VII CONGRESO INTERNACIONAL<\/strong><\/span><\/h1>\n<p style=\"text-align: center;\"><span style=\"color: #333399;\"><strong>RELACIONES ENTRE AM\u00c9RICA LATINA, EL CARIBE Y EUROPA<\/strong><\/span><\/p>\n<p style=\"text-align: center;\"><span style=\"color: #333399;\">Digitalizaci\u00f3n, inteligencia artificial y relaciones internacionales:<\/span><\/p>\n<p style=\"text-align: center;\"><span style=\"color: #333399;\">Un desaf\u00edo para la gobernanza mundial<\/span><\/p>\n<p style=\"text-align: center;\"><span style=\"color: #333399;\">Real Monasterio de Santa Mar\u00eda de Guadalupe.<\/span><\/p>\n<p style=\"text-align: center;\"><span style=\"color: #333399;\">(C\u00e1ceres, Espa\u00f1a)<\/span><\/p>\n<p style=\"text-align: center;\"><strong><em><span style=\"color: #333399;\">1 de Abril de 2025<\/span><\/em><\/strong><\/p>\n<p>[\/et_pb_text][et_pb_button button_url=\u00bbhttps:\/\/modulojeanmonnetclaeu.es\/wp-content\/uploads\/2025\/09\/PROGRAMA-2.pdf\u00bb url_new_window=\u00bbon\u00bb button_text=\u00bbir al programa\u00bb button_alignment=\u00bbcenter\u00bb _builder_version=\u00bb4.27.4&#8243; _module_preset=\u00bb6b654a96-cd75-424d-9809-54634922c752&#8243; button_bg_color=\u00bbgcid-604b5e4e-e476-4b80-9954-1fa74a3eabfd\u00bb locked=\u00bboff\u00bb global_colors_info=\u00bb{%22gcid-604b5e4e-e476-4b80-9954-1fa74a3eabfd%22:%91%22button_bg_color%22%93}\u00bb][\/et_pb_button][\/et_pb_column][\/et_pb_row][et_pb_row _builder_version=\u00bb4.27.4&#8243; _module_preset=\u00bbdefault\u00bb][et_pb_column _builder_version=\u00bb4.27.4&#8243; _module_preset=\u00bbdefault\u00bb type=\u00bb4_4&#8243;][et_pb_divider _builder_version=\u00bb4.27.4&#8243; _module_preset=\u00bbdefault\u00bb hover_enabled=\u00bb0&#8243; sticky_enabled=\u00bb0&#8243;][\/et_pb_divider][\/et_pb_column][\/et_pb_row][et_pb_row _builder_version=\u00bb4.27.4&#8243; _module_preset=\u00bbdefault\u00bb global_colors_info=\u00bb{}\u00bb][et_pb_column type=\u00bb4_4&#8243; _builder_version=\u00bb4.27.4&#8243; _module_preset=\u00bbdefault\u00bb global_colors_info=\u00bb{}\u00bb][et_pb_text _builder_version=\u00bb4.27.4&#8243; _module_preset=\u00bbdefault\u00bb hover_enabled=\u00bb0&#8243; global_colors_info=\u00bb{}\u00bb sticky_enabled=\u00bb0&#8243;]<\/p>\n<h1 style=\"text-align: center;\"><span style=\"color: #333399;\"><strong>VI CONGRESO INTERNACIONAL<\/strong><\/span><\/h1>\n<p style=\"text-align: center;\"><span style=\"color: #333399;\"><strong>RELACIONES ENTRE AM\u00c9RICA LATINA, EL CARIBE Y EUROPA<\/strong><\/span><\/p>\n<p style=\"text-align: center;\"><span style=\"color: #333399;\">Sostenibilidad y derechos humanos:<\/span><\/p>\n<p style=\"text-align: center;\"><span style=\"color: #333399;\">Avances en el espacio eurolatinoamericano<\/span><\/p>\n<p style=\"text-align: center;\"><span style=\"color: #333399;\">Universidad Andina &#8211; Cusco-Per\u00fa<\/span><\/p>\n<p style=\"text-align: center;\"><strong><em><span style=\"color: #333399;\">21 de Mayo de 2024<\/span><\/em><\/strong><\/p>\n<p>[\/et_pb_text][et_pb_button button_url=\u00bbhttps:\/\/modulojeanmonnetclaeu.es\/wp-content\/uploads\/2025\/09\/PROGRAMA-2.pdf\u00bb url_new_window=\u00bbon\u00bb button_text=\u00bbir al programa\u00bb button_alignment=\u00bbcenter\u00bb _builder_version=\u00bb4.27.4&#8243; _module_preset=\u00bb6b654a96-cd75-424d-9809-54634922c752&#8243; button_bg_color=\u00bbgcid-604b5e4e-e476-4b80-9954-1fa74a3eabfd\u00bb locked=\u00bboff\u00bb global_colors_info=\u00bb{%22gcid-604b5e4e-e476-4b80-9954-1fa74a3eabfd%22:%91%22button_bg_color%22%93}\u00bb][\/et_pb_button][\/et_pb_column][\/et_pb_row][et_pb_row _builder_version=\u00bb4.27.4&#8243; _module_preset=\u00bbdefault\u00bb][et_pb_column _builder_version=\u00bb4.27.4&#8243; _module_preset=\u00bbdefault\u00bb type=\u00bb4_4&#8243;][et_pb_divider _builder_version=\u00bb4.27.4&#8243; _module_preset=\u00bbdefault\u00bb hover_enabled=\u00bb0&#8243; sticky_enabled=\u00bb0&#8243;][\/et_pb_divider][\/et_pb_column][\/et_pb_row][et_pb_row _builder_version=\u00bb4.27.4&#8243; _module_preset=\u00bbdefault\u00bb global_colors_info=\u00bb{}\u00bb][et_pb_column type=\u00bb4_4&#8243; _builder_version=\u00bb4.27.4&#8243; _module_preset=\u00bbdefault\u00bb global_colors_info=\u00bb{}\u00bb][et_pb_text _builder_version=\u00bb4.27.4&#8243; _module_preset=\u00bbdefault\u00bb global_colors_info=\u00bb{}\u00bb]<\/p>\n<h1 style=\"text-align: center;\"><span style=\"color: #333399;\"><strong>V CONGRESO INTERNACIONAL<\/strong><\/span><\/h1>\n<p style=\"text-align: center;\"><span style=\"color: #333399;\"><strong>RELACIONES ENTRE AM\u00c9RICA LATINA, EL CARIBE Y EUROPA<\/strong><\/span><\/p>\n<p style=\"text-align: center;\"><span style=\"color: #333399;\">Econom\u00eda y conflictos internacionales<\/span><\/p>\n<p style=\"text-align: center;\"><strong><em><span style=\"color: #333399;\">10 de Abril de 2024<\/span><\/em><\/strong><\/p>\n<p>[\/et_pb_text][et_pb_button button_url=\u00bbhttps:\/\/modulojeanmonnetclaeu.es\/?page_id=775&#8243; button_text=\u00bbir al programa\u00bb button_alignment=\u00bbcenter\u00bb _builder_version=\u00bb4.27.4&#8243; _module_preset=\u00bb6b654a96-cd75-424d-9809-54634922c752&#8243; button_bg_color=\u00bbgcid-604b5e4e-e476-4b80-9954-1fa74a3eabfd\u00bb locked=\u00bboff\u00bb global_colors_info=\u00bb{%22gcid-604b5e4e-e476-4b80-9954-1fa74a3eabfd%22:%91%22button_bg_color%22%93}\u00bb][\/et_pb_button][\/et_pb_column][\/et_pb_row][\/et_pb_section]<\/p>\n","protected":false},"excerpt":{"rendered":"<p>VII CONGRESO INTERNACIONAL RELACIONES ENTRE AM\u00c9RICA LATINA, EL CARIBE Y EUROPA Digitalizaci\u00f3n, inteligencia artificial y relaciones internacionales: Un desaf\u00edo para la gobernanza mundial Real Monasterio de Santa Mar\u00eda de Guadalupe. (C\u00e1ceres, Espa\u00f1a) 1 de Abril de 2025VI CONGRESO INTERNACIONAL RELACIONES ENTRE AM\u00c9RICA LATINA, EL CARIBE Y EUROPA Sostenibilidad y derechos humanos: Avances en el espacio [&hellip;]<\/p>\n","protected":false},"author":1,"featured_media":0,"parent":0,"menu_order":0,"comment_status":"closed","ping_status":"closed","template":"","meta":{"_et_pb_use_builder":"on","_et_pb_old_content":"","_et_gb_content_width":"","footnotes":""},"class_list":["post-582","page","type-page","status-publish","hentry"],"_links":{"self":[{"href":"https:\/\/modulojeanmonnetclaeu.es\/index.php?rest_route=\/wp\/v2\/pages\/582","targetHints":{"allow":["GET"]}}],"collection":[{"href":"https:\/\/modulojeanmonnetclaeu.es\/index.php?rest_route=\/wp\/v2\/pages"}],"about":[{"href":"https:\/\/modulojeanmonnetclaeu.es\/index.php?rest_route=\/wp\/v2\/types\/page"}],"author":[{"embeddable":true,"href":"https:\/\/modulojeanmonnetclaeu.es\/index.php?rest_route=\/wp\/v2\/users\/1"}],"replies":[{"embeddable":true,"href":"https:\/\/modulojeanmonnetclaeu.es\/index.php?rest_route=%2Fwp%2Fv2%2Fcomments&post=582"}],"version-history":[{"count":10,"href":"https:\/\/modulojeanmonnetclaeu.es\/index.php?rest_route=\/wp\/v2\/pages\/582\/revisions"}],"predecessor-version":[{"id":971,"href":"https:\/\/modulojeanmonnetclaeu.es\/index.php?rest_route=\/wp\/v2\/pages\/582\/revisions\/971"}],"wp:attachment":[{"href":"https:\/\/modulojeanmonnetclaeu.es\/index.php?rest_route=%2Fwp%2Fv2%2Fmedia&parent=582"}],"curies":[{"name":"wp","href":"https:\/\/api.w.org\/{rel}","templated":true}]}}