{"id":298,"date":"2023-11-12T21:46:57","date_gmt":"2023-11-12T20:46:57","guid":{"rendered":"https:\/\/modulojeanmonnetclaeu.es\/?page_id=298"},"modified":"2025-10-01T10:58:47","modified_gmt":"2025-10-01T08:58:47","slug":"inscripcion","status":"publish","type":"page","link":"https:\/\/modulojeanmonnetclaeu.es\/?page_id=298","title":{"rendered":"Inscripci\u00f3n"},"content":{"rendered":"<p>[et_pb_section fb_built=\u00bb1&#8243; _builder_version=\u00bb4.23.1&#8243; _module_preset=\u00bbdefault\u00bb background_color=\u00bbgcid-7af778dc-119e-4b88-9ee6-23daa28efcfd\u00bb global_colors_info=\u00bb{%22gcid-7af778dc-119e-4b88-9ee6-23daa28efcfd%22:%91%22background_color%22%93}\u00bb][et_pb_row column_structure=\u00bb1_2,1_2&#8243; _builder_version=\u00bb4.23.1&#8243; _module_preset=\u00bbdefault\u00bb custom_margin=\u00bb0px||||false|false\u00bb custom_padding=\u00bb81px|43px|81px|43px|true|true\u00bb border_radii=\u00bbon|9px|9px|9px|9px\u00bb border_width_all=\u00bb1px\u00bb border_color_all=\u00bb#FFFFFF\u00bb global_colors_info=\u00bb{}\u00bb][et_pb_column type=\u00bb1_2&#8243; _builder_version=\u00bb4.23.1&#8243; _module_preset=\u00bbdefault\u00bb global_colors_info=\u00bb{}\u00bb][et_pb_text _builder_version=\u00bb4.27.4&#8243; _module_preset=\u00bb12a47843-5696-447c-84a7-8f769b53c1e0&#8243; header_4_text_color=\u00bb#FFFFFF\u00bb header_4_font_size=\u00bb17px\u00bb locked=\u00bboff\u00bb global_colors_info=\u00bb{}\u00bb]<\/p>\n<h4>13 y 14 de noviembre de 2025<\/h4>\n<h4><strong>(zona horaria Espa\u00f1a)<\/strong><strong><\/strong><strong><\/strong><\/h4>\n<p>[\/et_pb_text][et_pb_text _builder_version=\u00bb4.27.4&#8243; _module_preset=\u00bb12a47843-5696-447c-84a7-8f769b53c1e0&#8243; header_4_text_color=\u00bbgcid-630e8f7b-725b-431c-b099-bf9b7ab635cd\u00bb locked=\u00bboff\u00bb global_colors_info=\u00bb{%22gcid-630e8f7b-725b-431c-b099-bf9b7ab635cd%22:%91%22header_4_text_color%22%93}\u00bb]<\/p>\n<h4>III Seminario anual<\/h4>\n<h6><\/h6>\n<p>[\/et_pb_text][et_pb_text _builder_version=\u00bb4.27.4&#8243; _module_preset=\u00bbc8405888-2e14-420c-b55b-06b5725cf45c\u00bb custom_margin=\u00bb||22px||false|false\u00bb global_colors_info=\u00bb{}\u00bb]<\/p>\n<p>\u201cLos acuerdos pol\u00edticos y econ\u00f3micos de la UE con pa\u00edses latinoamericanos y caribe\u00f1os\u201d<\/p>\n<p>[\/et_pb_text][et_pb_button button_url=\u00bbhttps:\/\/modulojeanmonnetclaeu.es\/wp-content\/uploads\/2025\/10\/3-ano-Programa_SEMINARIO-JEAN-MONNET-NOVIEMBRE-CORRECTO.pdf\u00bb url_new_window=\u00bbon\u00bb button_text=\u00bbver programa completo\u00bb _builder_version=\u00bb4.27.4&#8243; _module_preset=\u00bb6b654a96-cd75-424d-9809-54634922c752&#8243; button_bg_color=\u00bbgcid-604b5e4e-e476-4b80-9954-1fa74a3eabfd\u00bb locked=\u00bboff\u00bb global_colors_info=\u00bb{%22gcid-604b5e4e-e476-4b80-9954-1fa74a3eabfd%22:%91%22button_bg_color%22%93}\u00bb][\/et_pb_button][et_pb_text _builder_version=\u00bb4.27.4&#8243; _module_preset=\u00bbc8405888-2e14-420c-b55b-06b5725cf45c\u00bb custom_margin=\u00bb||22px||false|false\u00bb link_option_url=\u00bbhttps:\/\/forms.office.com\/e\/qK2YPWCvYn\u00bb link_option_url_new_window=\u00bbon\u00bb global_colors_info=\u00bb{}\u00bb]<\/p>\n<p>Inscripci\u00f3n:\u00a0 <a href=\"https:\/\/forms.office.com\/e\/qK2YPWCvYn\">https:\/\/forms.office.com\/e\/qK2YPWCvYn<\/a><\/p>\n<p>[\/et_pb_text][et_pb_button button_url=\u00bbhttps:\/\/forms.office.com\/e\/qK2YPWCvYn\u00bb url_new_window=\u00bbon\u00bb button_text=\u00bbir al formulario de inscripci\u00f3n\u00bb _builder_version=\u00bb4.27.4&#8243; _module_preset=\u00bb6b654a96-cd75-424d-9809-54634922c752&#8243; button_bg_color=\u00bbgcid-604b5e4e-e476-4b80-9954-1fa74a3eabfd\u00bb locked=\u00bboff\u00bb global_colors_info=\u00bb{%22gcid-604b5e4e-e476-4b80-9954-1fa74a3eabfd%22:%91%22button_bg_color%22%93}\u00bb][\/et_pb_button][et_pb_button button_url=\u00bbhttps:\/\/forms.office.com\/e\/A5T5VUP1B7&#8243; url_new_window=\u00bbon\u00bb button_text=\u00bbFormulario inicial del Curso\u00bb _builder_version=\u00bb4.27.4&#8243; _module_preset=\u00bb6b654a96-cd75-424d-9809-54634922c752&#8243; button_bg_color=\u00bbgcid-604b5e4e-e476-4b80-9954-1fa74a3eabfd\u00bb locked=\u00bboff\u00bb global_colors_info=\u00bb{%22gcid-604b5e4e-e476-4b80-9954-1fa74a3eabfd%22:%91%22button_bg_color%22%93}\u00bb][\/et_pb_button][et_pb_button button_url=\u00bbhttps:\/\/teams.microsoft.com\/l\/meetup-join\/19%3ameeting_NjIxMjNkYWQtZGJkYy00YTIxLWE0M2MtZGYxOGE0NDc4NDI1%40thread.v2\/0?context=%7b%22Tid%22%3a%225f84c4ea-370d-4b9e-830c-756f8bf1b51f%22%2c%22Oid%22%3a%223984efba-62c1-4650-9b68-2f6c59254ca9%22%7d\u00bb url_new_window=\u00bbon\u00bb button_text=\u00bbEnlace de conexi\u00f3n\u00bb _builder_version=\u00bb4.27.4&#8243; _module_preset=\u00bb6b654a96-cd75-424d-9809-54634922c752&#8243; button_bg_color=\u00bbgcid-604b5e4e-e476-4b80-9954-1fa74a3eabfd\u00bb hover_enabled=\u00bb0&#8243; locked=\u00bboff\u00bb global_colors_info=\u00bb{%22gcid-604b5e4e-e476-4b80-9954-1fa74a3eabfd%22:%91%22button_bg_color%22%93}\u00bb sticky_enabled=\u00bb0&#8243;][\/et_pb_button][\/et_pb_column][et_pb_column type=\u00bb1_2&#8243; _builder_version=\u00bb4.23.1&#8243; _module_preset=\u00bbdefault\u00bb global_colors_info=\u00bb{}\u00bb][et_pb_image src=\u00bbhttps:\/\/modulojeanmonnetclaeu.es\/wp-content\/uploads\/2025\/09\/Captura-de-Pantalla-2025-09-11-a-las-20.31.39.png\u00bb title_text=\u00bbCaptura de Pantalla 2025-09-11 a las 20.31.39&#8243; align=\u00bbright\u00bb _builder_version=\u00bb4.27.4&#8243; _module_preset=\u00bbdefault\u00bb width=\u00bb57%\u00bb max_width=\u00bb100%\u00bb custom_padding=\u00bb|||36px||\u00bb global_colors_info=\u00bb{}\u00bb][\/et_pb_image][\/et_pb_column][\/et_pb_row][et_pb_row column_structure=\u00bb1_2,1_2&#8243; _builder_version=\u00bb4.23.1&#8243; _module_preset=\u00bbdefault\u00bb custom_margin=\u00bb0px||||false|false\u00bb custom_padding=\u00bb81px|43px|81px|43px|true|true\u00bb border_radii=\u00bbon|9px|9px|9px|9px\u00bb border_width_all=\u00bb1px\u00bb border_color_all=\u00bb#FFFFFF\u00bb global_colors_info=\u00bb{}\u00bb][et_pb_column type=\u00bb1_2&#8243; _builder_version=\u00bb4.23.1&#8243; _module_preset=\u00bbdefault\u00bb global_colors_info=\u00bb{}\u00bb][et_pb_text _builder_version=\u00bb4.27.4&#8243; _module_preset=\u00bb12a47843-5696-447c-84a7-8f769b53c1e0&#8243; header_4_text_color=\u00bb#FFFFFF\u00bb header_4_font_size=\u00bb17px\u00bb locked=\u00bboff\u00bb global_colors_info=\u00bb{}\u00bb]<\/p>\n<h4><strong>4 \u2013 18 marzo de 2025: 16.00 a 20.00h<\/strong><\/h4>\n<h4><strong>(zona horaria Espa\u00f1a)<\/strong><strong><\/strong><strong><\/strong><\/h4>\n<p>[\/et_pb_text][et_pb_text _builder_version=\u00bb4.27.4&#8243; _module_preset=\u00bb12a47843-5696-447c-84a7-8f769b53c1e0&#8243; header_4_text_color=\u00bbgcid-630e8f7b-725b-431c-b099-bf9b7ab635cd\u00bb locked=\u00bboff\u00bb global_colors_info=\u00bb{%22gcid-630e8f7b-725b-431c-b099-bf9b7ab635cd%22:%91%22header_4_text_color%22%93}\u00bb]<\/p>\n<h4><strong>II CURSO DE FORMACI\u00d3N Y CAPACITACI\u00d3N<\/strong><\/h4>\n<h6><strong><\/strong><span style=\"color: #ffcc00;\"><strong>46 horas de duraci\u00f3n en modalidad virtual<\/strong><\/span><\/h6>\n<p>[\/et_pb_text][et_pb_text _builder_version=\u00bb4.27.4&#8243; _module_preset=\u00bbc8405888-2e14-420c-b55b-06b5725cf45c\u00bb custom_margin=\u00bb||22px||false|false\u00bb global_colors_info=\u00bb{}\u00bb]<\/p>\n<p>La Acci\u00f3n Exterior de la Uni\u00f3n Europea: Di\u00e1logo y cooperaci\u00f3n con Am\u00e9rica Latina y el Caribe<\/p>\n<p>[\/et_pb_text][et_pb_button button_url=\u00bbhttps:\/\/drive.google.com\/file\/d\/1NJUzDdEGMIOPdLSruK20qDY8mk4GZNGN\/view?usp=drive_link\u00bb url_new_window=\u00bbon\u00bb button_text=\u00bbver programa completo\u00bb _builder_version=\u00bb4.27.4&#8243; _module_preset=\u00bb6b654a96-cd75-424d-9809-54634922c752&#8243; button_bg_color=\u00bbgcid-604b5e4e-e476-4b80-9954-1fa74a3eabfd\u00bb locked=\u00bboff\u00bb global_colors_info=\u00bb{%22gcid-604b5e4e-e476-4b80-9954-1fa74a3eabfd%22:%91%22button_bg_color%22%93}\u00bb][\/et_pb_button][et_pb_text _builder_version=\u00bb4.27.4&#8243; _module_preset=\u00bbc8405888-2e14-420c-b55b-06b5725cf45c\u00bb custom_margin=\u00bb||22px||false|false\u00bb global_colors_info=\u00bb{}\u00bb]<\/p>\n<p>Inscripci\u00f3n: https:\/\/forms.office.com\/e\/fHsJHYan1X<\/p>\n<p>[\/et_pb_text][et_pb_button button_url=\u00bbhttps:\/\/forms.office.com\/e\/fHsJHYan1X\u00bb url_new_window=\u00bbon\u00bb button_text=\u00bbir al formulario de inscripci\u00f3n\u00bb _builder_version=\u00bb4.27.4&#8243; _module_preset=\u00bb6b654a96-cd75-424d-9809-54634922c752&#8243; button_bg_color=\u00bbgcid-604b5e4e-e476-4b80-9954-1fa74a3eabfd\u00bb locked=\u00bboff\u00bb global_colors_info=\u00bb{%22gcid-604b5e4e-e476-4b80-9954-1fa74a3eabfd%22:%91%22button_bg_color%22%93}\u00bb][\/et_pb_button][et_pb_button button_url=\u00bbhttps:\/\/forms.office.com\/e\/9YDdY9nHAh\u00bb url_new_window=\u00bbon\u00bb button_text=\u00bbFormulario inicial del Curso\u00bb _builder_version=\u00bb4.27.4&#8243; _module_preset=\u00bb6b654a96-cd75-424d-9809-54634922c752&#8243; button_bg_color=\u00bbgcid-604b5e4e-e476-4b80-9954-1fa74a3eabfd\u00bb locked=\u00bboff\u00bb global_colors_info=\u00bb{%22gcid-604b5e4e-e476-4b80-9954-1fa74a3eabfd%22:%91%22button_bg_color%22%93}\u00bb][\/et_pb_button][et_pb_button button_url=\u00bbhttps:\/\/teams.microsoft.com\/l\/meetup-join\/19%3ameeting_YTVkMzE1MjgtYjEyOC00OTZlLTljODMtNTg3ODNkMjMwNTc1%40thread.v2\/0?context=%7b%22Tid%22%3a%225f84c4ea-370d-4b9e-830c-756f8bf1b51f%22%2c%22Oid%22%3a%223984efba-62c1-4650-9b68-2f6c59254ca9%22%7d\u00bb url_new_window=\u00bbon\u00bb button_text=\u00bbEnlace de conexi\u00f3n\u00bb _builder_version=\u00bb4.27.4&#8243; _module_preset=\u00bb6b654a96-cd75-424d-9809-54634922c752&#8243; button_bg_color=\u00bbgcid-604b5e4e-e476-4b80-9954-1fa74a3eabfd\u00bb locked=\u00bboff\u00bb global_colors_info=\u00bb{%22gcid-604b5e4e-e476-4b80-9954-1fa74a3eabfd%22:%91%22button_bg_color%22%93}\u00bb][\/et_pb_button][\/et_pb_column][et_pb_column type=\u00bb1_2&#8243; _builder_version=\u00bb4.23.1&#8243; _module_preset=\u00bbdefault\u00bb global_colors_info=\u00bb{}\u00bb][et_pb_image src=\u00bbhttps:\/\/modulojeanmonnetclaeu.es\/wp-content\/uploads\/2025\/01\/QR-II-CURSO-DE-FORMACION-Y-CAPACITACION.jpg\u00bb title_text=\u00bbQR II CURSO DE FORMACIO\u0301N Y CAPACITACIO\u0301N\u00bb align=\u00bbright\u00bb _builder_version=\u00bb4.27.4&#8243; _module_preset=\u00bbdefault\u00bb width=\u00bb57%\u00bb max_width=\u00bb100%\u00bb custom_padding=\u00bb|||36px||\u00bb global_colors_info=\u00bb{}\u00bb][\/et_pb_image][\/et_pb_column][\/et_pb_row][et_pb_row _builder_version=\u00bb4.27.4&#8243; _module_preset=\u00bbdefault\u00bb global_colors_info=\u00bb{}\u00bb][et_pb_column type=\u00bb4_4&#8243; _builder_version=\u00bb4.27.4&#8243; _module_preset=\u00bbdefault\u00bb global_colors_info=\u00bb{}\u00bb][\/et_pb_column][\/et_pb_row][et_pb_row column_structure=\u00bb1_2,1_2&#8243; _builder_version=\u00bb4.23.1&#8243; _module_preset=\u00bbdefault\u00bb custom_margin=\u00bb0px||||false|false\u00bb custom_padding=\u00bb81px|43px|81px|43px|true|true\u00bb border_radii=\u00bbon|9px|9px|9px|9px\u00bb border_width_all=\u00bb1px\u00bb border_color_all=\u00bb#FFFFFF\u00bb global_colors_info=\u00bb{}\u00bb][et_pb_column type=\u00bb1_2&#8243; _builder_version=\u00bb4.23.1&#8243; _module_preset=\u00bbdefault\u00bb global_colors_info=\u00bb{}\u00bb][et_pb_text _builder_version=\u00bb4.23.1&#8243; _module_preset=\u00bb12a47843-5696-447c-84a7-8f769b53c1e0&#8243; header_4_text_color=\u00bb#FFFFFF\u00bb header_4_font_size=\u00bb17px\u00bb locked=\u00bboff\u00bb global_colors_info=\u00bb{}\u00bb]<\/p>\n<h4><strong>14 y 15 de noviembre de 2024<\/strong><\/h4>\n<p>[\/et_pb_text][et_pb_text _builder_version=\u00bb4.27.4&#8243; _module_preset=\u00bb12a47843-5696-447c-84a7-8f769b53c1e0&#8243; header_4_text_color=\u00bbgcid-630e8f7b-725b-431c-b099-bf9b7ab635cd\u00bb locked=\u00bboff\u00bb global_colors_info=\u00bb{%22gcid-630e8f7b-725b-431c-b099-bf9b7ab635cd%22:%91%22header_4_text_color%22%93}\u00bb]<\/p>\n<h4><strong>II Seminario anual<\/strong><\/h4>\n<p>[\/et_pb_text][et_pb_text _builder_version=\u00bb4.27.4&#8243; _module_preset=\u00bbc8405888-2e14-420c-b55b-06b5725cf45c\u00bb custom_margin=\u00bb||22px||false|false\u00bb global_colors_info=\u00bb{}\u00bb]<\/p>\n<p>\u201cLos acuerdos pol\u00edticos y econ\u00f3micos de la UE con pa\u00edses latinoamericanos y caribe\u00f1os\u201d<\/p>\n<p>[\/et_pb_text][et_pb_button button_url=\u00bbhttps:\/\/drive.google.com\/file\/d\/1_-aFaH1U2fY4nm-0EVbjwnvEmSt8zzqr\/view?usp=drive_link\u00bb url_new_window=\u00bbon\u00bb button_text=\u00bbver programa completo\u00bb _builder_version=\u00bb4.27.4&#8243; _module_preset=\u00bb6b654a96-cd75-424d-9809-54634922c752&#8243; button_bg_color=\u00bbgcid-604b5e4e-e476-4b80-9954-1fa74a3eabfd\u00bb locked=\u00bboff\u00bb global_colors_info=\u00bb{%22gcid-604b5e4e-e476-4b80-9954-1fa74a3eabfd%22:%91%22button_bg_color%22%93}\u00bb][\/et_pb_button][et_pb_text _builder_version=\u00bb4.27.4&#8243; _module_preset=\u00bbc8405888-2e14-420c-b55b-06b5725cf45c\u00bb custom_margin=\u00bb||22px||false|false\u00bb global_colors_info=\u00bb{}\u00bb]<\/p>\n<p>Inscripci\u00f3n: <a href=\"https:\/\/forms.office.com\/e\/zbH8V7kZuD\">https:\/\/forms.office.com\/e\/zbH8V7kZuD<\/a><\/p>\n<p>[\/et_pb_text][et_pb_button button_url=\u00bbhttps:\/\/forms.office.com\/e\/zbH8V7kZuD\u00bb url_new_window=\u00bbon\u00bb button_text=\u00bbir al formulario de inscripci\u00f3n\u00bb _builder_version=\u00bb4.27.4&#8243; _module_preset=\u00bb6b654a96-cd75-424d-9809-54634922c752&#8243; button_bg_color=\u00bbgcid-604b5e4e-e476-4b80-9954-1fa74a3eabfd\u00bb locked=\u00bboff\u00bb global_colors_info=\u00bb{%22gcid-604b5e4e-e476-4b80-9954-1fa74a3eabfd%22:%91%22button_bg_color%22%93}\u00bb][\/et_pb_button][et_pb_button button_url=\u00bbhttps:\/\/forms.office.com\/e\/Kis7AWtmhh\u00bb url_new_window=\u00bbon\u00bb button_text=\u00bbFormulario inicial del Curso\u00bb _builder_version=\u00bb4.27.4&#8243; _module_preset=\u00bb6b654a96-cd75-424d-9809-54634922c752&#8243; button_bg_color=\u00bbgcid-604b5e4e-e476-4b80-9954-1fa74a3eabfd\u00bb locked=\u00bboff\u00bb global_colors_info=\u00bb{%22gcid-604b5e4e-e476-4b80-9954-1fa74a3eabfd%22:%91%22button_bg_color%22%93}\u00bb][\/et_pb_button][\/et_pb_column][et_pb_column type=\u00bb1_2&#8243; _builder_version=\u00bb4.23.1&#8243; _module_preset=\u00bbdefault\u00bb global_colors_info=\u00bb{}\u00bb][et_pb_image src=\u00bbhttps:\/\/modulojeanmonnetclaeu.es\/wp-content\/uploads\/2025\/01\/QR-II-seminario-anual.jpg\u00bb title_text=\u00bbQR II seminario anual\u00bb align=\u00bbright\u00bb _builder_version=\u00bb4.27.4&#8243; _module_preset=\u00bbdefault\u00bb width=\u00bb57%\u00bb max_width=\u00bb100%\u00bb custom_padding=\u00bb|||36px||\u00bb global_colors_info=\u00bb{}\u00bb][\/et_pb_image][\/et_pb_column][\/et_pb_row][et_pb_row column_structure=\u00bb1_2,1_2&#8243; _builder_version=\u00bb4.23.1&#8243; _module_preset=\u00bbdefault\u00bb custom_margin=\u00bb0px||||false|false\u00bb custom_padding=\u00bb81px|43px|81px|43px|true|true\u00bb border_radii=\u00bbon|9px|9px|9px|9px\u00bb border_width_all=\u00bb1px\u00bb border_color_all=\u00bb#FFFFFF\u00bb global_colors_info=\u00bb{}\u00bb][et_pb_column type=\u00bb1_2&#8243; _builder_version=\u00bb4.23.1&#8243; _module_preset=\u00bbdefault\u00bb global_colors_info=\u00bb{}\u00bb][et_pb_text _builder_version=\u00bb4.23.1&#8243; _module_preset=\u00bb12a47843-5696-447c-84a7-8f769b53c1e0&#8243; header_4_text_color=\u00bb#FFFFFF\u00bb header_4_font_size=\u00bb17px\u00bb locked=\u00bboff\u00bb global_colors_info=\u00bb{}\u00bb]<\/p>\n<h4>14 y 15 de noviembre de 2023<\/h4>\n<p>[\/et_pb_text][et_pb_text _builder_version=\u00bb4.23.1&#8243; _module_preset=\u00bb12a47843-5696-447c-84a7-8f769b53c1e0&#8243; header_4_text_color=\u00bbgcid-630e8f7b-725b-431c-b099-bf9b7ab635cd\u00bb locked=\u00bboff\u00bb global_colors_info=\u00bb{%22gcid-630e8f7b-725b-431c-b099-bf9b7ab635cd%22:%91%22header_4_text_color%22%93}\u00bb]<\/p>\n<h4>Primer seminario anual<\/h4>\n<p>[\/et_pb_text][et_pb_text _builder_version=\u00bb4.23.1&#8243; _module_preset=\u00bbc8405888-2e14-420c-b55b-06b5725cf45c\u00bb custom_margin=\u00bb||22px||false|false\u00bb global_colors_info=\u00bb{}\u00bb]<\/p>\n<p>\u00abLos acuerdos pol\u00edticos y econ\u00f3micon en la UE con paises latinoamericanos y caribe\u00f1os\u00bb<\/p>\n<p>[\/et_pb_text][et_pb_button button_url=\u00bbhttps:\/\/drive.google.com\/file\/d\/1_-aFaH1U2fY4nm-0EVbjwnvEmSt8zzqr\/view?usp=drive_link\u00bb url_new_window=\u00bbon\u00bb button_text=\u00bbver programa completo\u00bb _builder_version=\u00bb4.27.4&#8243; _module_preset=\u00bb6b654a96-cd75-424d-9809-54634922c752&#8243; button_bg_color=\u00bbgcid-604b5e4e-e476-4b80-9954-1fa74a3eabfd\u00bb locked=\u00bboff\u00bb global_colors_info=\u00bb{%22gcid-604b5e4e-e476-4b80-9954-1fa74a3eabfd%22:%91%22button_bg_color%22%93}\u00bb][\/et_pb_button][et_pb_text _builder_version=\u00bb4.23.1&#8243; _module_preset=\u00bbc8405888-2e14-420c-b55b-06b5725cf45c\u00bb custom_margin=\u00bb||22px||false|false\u00bb global_colors_info=\u00bb{}\u00bb]<\/p>\n<p>Inscripci\u00f3n: https:\/\/forms.office.com\/e\/bFa4tDwCeR<\/p>\n<p>[\/et_pb_text][et_pb_button button_url=\u00bbhttps:\/\/forms.office.com\/e\/bFa4tDwCeR\u00bb url_new_window=\u00bbon\u00bb button_text=\u00bbir al formulario de inscripci\u00f3n\u00bb _builder_version=\u00bb4.23.1&#8243; _module_preset=\u00bb6b654a96-cd75-424d-9809-54634922c752&#8243; button_bg_color=\u00bbgcid-604b5e4e-e476-4b80-9954-1fa74a3eabfd\u00bb locked=\u00bboff\u00bb global_colors_info=\u00bb{%22gcid-604b5e4e-e476-4b80-9954-1fa74a3eabfd%22:%91%22button_bg_color%22%93}\u00bb][\/et_pb_button][\/et_pb_column][et_pb_column type=\u00bb1_2&#8243; _builder_version=\u00bb4.23.1&#8243; _module_preset=\u00bbdefault\u00bb global_colors_info=\u00bb{}\u00bb][et_pb_image src=\u00bbhttps:\/\/modulojeanmonnetclaeu.es\/wp-content\/uploads\/2023\/11\/qr01.webp\u00bb title_text=\u00bbqr01&#8243; align=\u00bbright\u00bb _builder_version=\u00bb4.23.1&#8243; _module_preset=\u00bbdefault\u00bb width=\u00bb57%\u00bb max_width=\u00bb100%\u00bb custom_padding=\u00bb|||36px||\u00bb global_colors_info=\u00bb{}\u00bb][\/et_pb_image][\/et_pb_column][\/et_pb_row][et_pb_row column_structure=\u00bb1_2,1_2&#8243; _builder_version=\u00bb4.23.1&#8243; _module_preset=\u00bbdefault\u00bb custom_margin=\u00bb0px||||false|false\u00bb custom_padding=\u00bb81px|43px|81px|43px|true|true\u00bb border_radii=\u00bbon|9px|9px|9px|9px\u00bb border_width_all=\u00bb1px\u00bb border_color_all=\u00bb#FFFFFF\u00bb global_colors_info=\u00bb{}\u00bb][et_pb_column type=\u00bb1_2&#8243; _builder_version=\u00bb4.23.1&#8243; _module_preset=\u00bbdefault\u00bb global_colors_info=\u00bb{}\u00bb][et_pb_text _builder_version=\u00bb4.24.0&#8243; _module_preset=\u00bb12a47843-5696-447c-84a7-8f769b53c1e0&#8243; header_4_text_color=\u00bb#FFFFFF\u00bb header_4_font_size=\u00bb17px\u00bb locked=\u00bboff\u00bb global_colors_info=\u00bb{}\u00bb]<\/p>\n<h4><span style=\"color: #ffffff;\"><strong>4 &#8211; 19 marzo de 2024: 16.00 a 20.00h (zona horaria Espa\u00f1a)<\/strong><\/span><\/h4>\n<p>[\/et_pb_text][et_pb_text _builder_version=\u00bb4.27.4&#8243; _module_preset=\u00bb12a47843-5696-447c-84a7-8f769b53c1e0&#8243; header_4_text_color=\u00bbgcid-630e8f7b-725b-431c-b099-bf9b7ab635cd\u00bb locked=\u00bboff\u00bb global_colors_info=\u00bb{%22gcid-630e8f7b-725b-431c-b099-bf9b7ab635cd%22:%91%22header_4_text_color%22%93}\u00bb]<\/p>\n<p><span style=\"color: #ffcc00;\"><strong>I CURSO DE FORMACI\u00d3N Y CAPACITACI\u00d3N<\/strong><\/span><\/p>\n<p>[\/et_pb_text][et_pb_text _builder_version=\u00bb4.24.0&#8243; _module_preset=\u00bbc8405888-2e14-420c-b55b-06b5725cf45c\u00bb custom_margin=\u00bb||22px||false|false\u00bb global_colors_info=\u00bb{}\u00bb]<\/p>\n<p>La Acci\u00f3n Exterior de la Uni\u00f3n Europea: Di\u00e1logo y cooperaci\u00f3n con Am\u00e9rica Latina y el Caribe<\/p>\n<p>[\/et_pb_text][et_pb_button button_url=\u00bbhttps:\/\/drive.google.com\/file\/d\/1fGzVkY8VZpsIRA8FmmhZ-aomgBD0n9_q\/view?usp=sharing\u00bb url_new_window=\u00bbon\u00bb button_text=\u00bbver programa completo\u00bb _builder_version=\u00bb4.24.0&#8243; _module_preset=\u00bb6b654a96-cd75-424d-9809-54634922c752&#8243; button_bg_color=\u00bbgcid-604b5e4e-e476-4b80-9954-1fa74a3eabfd\u00bb locked=\u00bboff\u00bb global_colors_info=\u00bb{%22gcid-604b5e4e-e476-4b80-9954-1fa74a3eabfd%22:%91%22button_bg_color%22%93}\u00bb][\/et_pb_button][et_pb_text _builder_version=\u00bb4.24.0&#8243; _module_preset=\u00bbc8405888-2e14-420c-b55b-06b5725cf45c\u00bb custom_margin=\u00bb||22px||false|false\u00bb global_colors_info=\u00bb{}\u00bb]<\/p>\n<p>Inscripci\u00f3n: https:\/\/forms.office.com\/e\/zZJKXTR6Rm<\/p>\n<p>[\/et_pb_text][et_pb_button button_url=\u00bbhttps:\/\/forms.office.com\/e\/zZJKXTR6Rm\u00bb url_new_window=\u00bbon\u00bb button_text=\u00bbir al formulario de inscripci\u00f3n\u00bb _builder_version=\u00bb4.24.0&#8243; _module_preset=\u00bb6b654a96-cd75-424d-9809-54634922c752&#8243; button_bg_color=\u00bbgcid-604b5e4e-e476-4b80-9954-1fa74a3eabfd\u00bb locked=\u00bboff\u00bb global_colors_info=\u00bb{%22gcid-604b5e4e-e476-4b80-9954-1fa74a3eabfd%22:%91%22button_bg_color%22%93}\u00bb][\/et_pb_button][\/et_pb_column][et_pb_column type=\u00bb1_2&#8243; _builder_version=\u00bb4.23.1&#8243; _module_preset=\u00bbdefault\u00bb global_colors_info=\u00bb{}\u00bb][et_pb_image src=\u00bbhttps:\/\/modulojeanmonnetclaeu.es\/wp-content\/uploads\/2024\/01\/QR.png\u00bb title_text=\u00bbQR\u00bb align=\u00bbright\u00bb _builder_version=\u00bb4.24.0&#8243; _module_preset=\u00bbdefault\u00bb width=\u00bb57%\u00bb max_width=\u00bb100%\u00bb custom_padding=\u00bb|||36px||\u00bb global_colors_info=\u00bb{}\u00bb][\/et_pb_image][\/et_pb_column][\/et_pb_row][et_pb_row _builder_version=\u00bb4.24.0&#8243; _module_preset=\u00bbdefault\u00bb global_colors_info=\u00bb{}\u00bb][et_pb_column type=\u00bb4_4&#8243; _builder_version=\u00bb4.24.0&#8243; _module_preset=\u00bbdefault\u00bb global_colors_info=\u00bb{}\u00bb][\/et_pb_column][\/et_pb_row][\/et_pb_section]<\/p>\n","protected":false},"excerpt":{"rendered":"<p>13 y 14 de noviembre de 2025 (zona horaria Espa\u00f1a)III Seminario anual \u201cLos acuerdos pol\u00edticos y econ\u00f3micos de la UE con pa\u00edses latinoamericanos y caribe\u00f1os\u201dInscripci\u00f3n:\u00a0 https:\/\/forms.office.com\/e\/qK2YPWCvYn4 \u2013 18 marzo de 2025: 16.00 a 20.00h (zona horaria Espa\u00f1a)II CURSO DE FORMACI\u00d3N Y CAPACITACI\u00d3N 46 horas de duraci\u00f3n en modalidad virtualLa Acci\u00f3n Exterior de la Uni\u00f3n Europea: [&hellip;]<\/p>\n","protected":false},"author":1,"featured_media":0,"parent":0,"menu_order":0,"comment_status":"closed","ping_status":"closed","template":"","meta":{"_et_pb_use_builder":"on","_et_pb_old_content":"","_et_gb_content_width":"","footnotes":""},"class_list":["post-298","page","type-page","status-publish","hentry"],"_links":{"self":[{"href":"https:\/\/modulojeanmonnetclaeu.es\/index.php?rest_route=\/wp\/v2\/pages\/298","targetHints":{"allow":["GET"]}}],"collection":[{"href":"https:\/\/modulojeanmonnetclaeu.es\/index.php?rest_route=\/wp\/v2\/pages"}],"about":[{"href":"https:\/\/modulojeanmonnetclaeu.es\/index.php?rest_route=\/wp\/v2\/types\/page"}],"author":[{"embeddable":true,"href":"https:\/\/modulojeanmonnetclaeu.es\/index.php?rest_route=\/wp\/v2\/users\/1"}],"replies":[{"embeddable":true,"href":"https:\/\/modulojeanmonnetclaeu.es\/index.php?rest_route=%2Fwp%2Fv2%2Fcomments&post=298"}],"version-history":[{"count":41,"href":"https:\/\/modulojeanmonnetclaeu.es\/index.php?rest_route=\/wp\/v2\/pages\/298\/revisions"}],"predecessor-version":[{"id":990,"href":"https:\/\/modulojeanmonnetclaeu.es\/index.php?rest_route=\/wp\/v2\/pages\/298\/revisions\/990"}],"wp:attachment":[{"href":"https:\/\/modulojeanmonnetclaeu.es\/index.php?rest_route=%2Fwp%2Fv2%2Fmedia&parent=298"}],"curies":[{"name":"wp","href":"https:\/\/api.w.org\/{rel}","templated":true}]}}